{"id":38,"date":"2020-03-19T15:16:08","date_gmt":"2020-03-19T15:16:08","guid":{"rendered":"https:\/\/kyushuwatch.com\/index.php\/home\/"},"modified":"2023-05-25T04:31:51","modified_gmt":"2023-05-25T04:31:51","slug":"home","status":"publish","type":"page","link":"https:\/\/kyushuwatch.com\/","title":{"rendered":"Trang Ch\u1ee7"},"content":{"rendered":"\n\n\t<h5>\n\t\t\t\t\tA Whole New Look\n\t\t\t\t<\/h5>\n\t<h1>\n\t\t\t\t\t\u0110\u1ed2NG H\u1ed2 NH\u1eacT\n\t\t\t\t<\/h1>\n\t\t\t<p>C\u00e1i n\u00e0y l\u00e0 n\u1ed9i dung demo kh\u00f4ng c\u00f3 \u00fd ngh\u00eda g\u00ec c\u1ea3 ch\u1ec9 \u0111\u1ec3 xem n\u1ed9i dung c\u00f3 ok kh\u00f4ng hay th\u00f4i<\/p>\n\t\t\t<a href=\"#\" target=\"_self\" role=\"button\" rel=\"noopener\">\n\t\t\t\t\t\tXem Th\u00eam\n\t\t<\/a>\n\t<h5>\n\t\t\t\t\tA Brush of Perfection\n\t\t\t\t<\/h5>\n\t<h2>\n\t\t\t\t\tB\u1ed9 S\u01b0u T\u1eadp \u0110\u1ed3ng H\u1ed3 N\u1ed9i \u0110\u1ecba Nh\u1eadt\n\t\t\t\t<\/h2>\n\t\t\t<p>C\u00e1c s\u1ea3n ph\u1ea9m nam t\u00ednh, ch\u1ea5t l\u01b0\u1ee3ng cao<\/p>\n\t<div class=\"woocommerce columns-4 \"><ul class=\"products columns-4\">\n<li class=\"desktop-align-left tablet-align-left mobile-align-left product type-product post-317 status-publish first instock product_cat-skin-fresheners has-post-thumbnail shipping-taxable purchasable product-type-simple\">\n\t<\/li>\n<\/ul>\n<\/div>\n\t<h5>\n\t\t\t\t\tBe Bold, Be Daring\n\t\t\t\t<\/h5>\n\t<h2>\n\t\t\t\t\tA Whole New Look\n\t\t\t\t<\/h2>\n\t\t\t<p>Lorem ipsum dolor sit amet, consectetur adipiscing elit. Ut elit tellus, luctus nec ullamcorper mattis, pulvinar dapibus leo.<\/p>\n\t\t\t<a href=\"#\" target=\"_self\" role=\"button\" rel=\"noopener\">\n\t\t\t\t\t\tView More\n\t\t<\/a>\n\t<h4>\n\t\t\t\t\tSeason Sale\n\t\t\t\t<\/h4>\n\t\t\t<p>Lorem ipsum dolor sit amet, consectetur adipiscing elit. Ut elit tellus, luctus nec ullamcorper mattis.<\/p>\n\t<h4>\n\t\t\t\t\tFree Shipping\n\t\t\t\t<\/h4>\n\t\t\t<p>Lorem ipsum dolor sit amet, consectetur adipiscing elit. Ut elit tellus, luctus nec ullamcorper mattis.<\/p>\n\t<h4>\n\t\t\t\t\tMoney Back\n\t\t\t\t<\/h4>\n\t\t\t<p>Lorem ipsum dolor sit amet, consectetur adipiscing elit. Ut elit tellus, luctus nec ullamcorper mattis.<\/p>\n\t\t\t\t<img decoding=\"async\" src=\"http:\/\/kyushuwatch.com\/wp-content\/uploads\/2021\/03\/logo-2.svg\" alt=\"logo-2\" itemprop=\"image\"\/>\n\t\t\t\t<img decoding=\"async\" src=\"http:\/\/kyushuwatch.com\/wp-content\/uploads\/2021\/03\/logo-1.svg\" alt=\"logo-1\" itemprop=\"image\"\/>\n\t\t\t\t<img decoding=\"async\" src=\"http:\/\/kyushuwatch.com\/wp-content\/uploads\/2021\/03\/logo-3.svg\" alt=\"logo-3\" itemprop=\"image\"\/>\n\t\t\t\t<img decoding=\"async\" src=\"http:\/\/kyushuwatch.com\/wp-content\/uploads\/2021\/03\/logo-5.svg\" alt=\"logo-5\" itemprop=\"image\"\/>\n\t\t\t\t<img decoding=\"async\" src=\"http:\/\/kyushuwatch.com\/wp-content\/uploads\/2021\/03\/logo-4.svg\" alt=\"logo-4\" itemprop=\"image\"\/>\n\t<h5>\n\t\t\t\t\tTestimonials\n\t\t\t\t<\/h5>\n\t<h2>\n\t\t\t\t\tOur Happy Clients\n\t\t\t\t<\/h2>\n\t<p>&#8220;Lorem ipsum dolor sit amet, consectetur adipiscing elit. Ut elit tellus, luctus nec ullamcorper mattis.&#8221;<\/p>\n\t\t\t\t<img decoding=\"async\" src=\"https:\/\/kyushuwatch.com\/wp-content\/uploads\/bb-plugin\/cache\/customer4-circle.jpg\" alt=\"customer4\" itemprop=\"image\"\/>\n\t<p>Marilyn Keller<\/p>\n\t<h5>\n\t\t\t\t\tBlossom into a New You!\n\t\t\t\t<\/h5>\n\t<h2>\n\t\t\t\t\tLatest Products\n\t\t\t\t<\/h2>\n\t\t\t<p>Lorem ipsum dolor sit amet.<\/p>\n\t<div class=\"woocommerce columns-4 \"><ul class=\"products columns-4\">\n<li class=\"desktop-align-left tablet-align-left mobile-align-left product type-product post-317 status-publish first instock product_cat-skin-fresheners has-post-thumbnail shipping-taxable purchasable product-type-simple\">\n\t<\/li>\n<\/ul>\n<\/div>\n\t<h2>\n\t\t\t\t\t<a href=\"#\" title=\"Sign-up the Makeup Fan Club\" target=\"_self\" rel=\"noopener\">\n\t\t\t\t\t\tSign-up the Makeup Fan Club\n\t\t\t\t\t\t<\/a>\n\t\t\t<\/h2>\n\t<div class=\"wpforms-container \" id=\"wpforms-20\"><form id=\"wpforms-form-20\" class=\"wpforms-validate wpforms-form\" data-formid=\"20\" method=\"post\" enctype=\"multipart\/form-data\" action=\"\/index.php\/wp-json\/wp\/v2\/pages\/38\" data-token=\"f9f80a03954bdca5047ce0e689606957\"><noscript class=\"wpforms-error-noscript\">Please enable JavaScript in your browser to complete this form.<\/noscript><div class=\"wpforms-field-container\"><div id=\"wpforms-20-field_1-container\" class=\"wpforms-field wpforms-field-email\" data-field-id=\"1\"><label class=\"wpforms-field-label wpforms-label-hide\" for=\"wpforms-20-field_1\">Email <span class=\"wpforms-required-label\">*<\/span><\/label><input type=\"email\" id=\"wpforms-20-field_1\" class=\"wpforms-field-large wpforms-field-required\" name=\"wpforms[fields][1]\" placeholder=\"Enter your email address\" spellcheck=\"false\" required><\/div><\/div><!-- .wpforms-field-container --><div class=\"wpforms-field wpforms-field-hp\"><label for=\"wpforms-20-field-hp\" class=\"wpforms-field-label\">Website<\/label><input type=\"text\" name=\"wpforms[hp]\" id=\"wpforms-20-field-hp\" class=\"wpforms-field-medium\"><\/div><div class=\"wpforms-submit-container\" ><input type=\"hidden\" name=\"wpforms[id]\" value=\"20\"><input type=\"hidden\" name=\"wpforms[author]\" value=\"1\"><button type=\"submit\" name=\"wpforms[submit]\" id=\"wpforms-submit-20\" class=\"wpforms-submit\" data-alt-text=\"Sending...\" data-submit-text=\"Subscribe\" aria-live=\"assertive\" value=\"wpforms-submit\">Subscribe<\/button><\/div><\/form><\/div>  <!-- .wpforms-container -->\n\n","protected":false},"excerpt":{"rendered":"<p>A Whole New Look \u0110\u1ed2NG H\u1ed2 NH\u1eacT C\u00e1i n\u00e0y l\u00e0 n\u1ed9i dung demo kh\u00f4ng c\u00f3 \u00fd ngh\u00eda g\u00ec c\u1ea3 ch\u1ec9 \u0111\u1ec3 xem n\u1ed9i dung c\u00f3 ok kh\u00f4ng hay th\u00f4i Xem Th\u00eam A Brush of Perfection B\u1ed9 S\u01b0u T\u1eadp \u0110\u1ed3ng H\u1ed3 N\u1ed9i \u0110\u1ecba Nh\u1eadt C\u00e1c s\u1ea3n ph\u1ea9m nam t\u00ednh, ch\u1ea5t l\u01b0\u1ee3ng cao Be Bold, Be Daring &hellip;<\/p>\n<p class=\"read-more\"> <a class=\"\" href=\"https:\/\/kyushuwatch.com\/\"> <span class=\"screen-reader-text\">Trang Ch\u1ee7<\/span> Read More &raquo;<\/a><\/p>\n","protected":false},"author":1,"featured_media":0,"parent":0,"menu_order":0,"comment_status":"closed","ping_status":"closed","template":"","meta":{"site-sidebar-layout":"no-sidebar","site-content-layout":"page-builder","ast-global-header-display":"","ast-banner-title-visibility":"","ast-main-header-display":"","ast-hfb-above-header-display":"","ast-hfb-below-header-display":"","ast-hfb-mobile-header-display":"","site-post-title":"disabled","ast-breadcrumbs-content":"","ast-featured-img":"disabled","footer-sml-layout":"","theme-transparent-header-meta":"enabled","adv-header-id-meta":"","stick-header-meta":"","header-above-stick-meta":"","header-main-stick-meta":"","header-below-stick-meta":""},"_links":{"self":[{"href":"https:\/\/kyushuwatch.com\/index.php\/wp-json\/wp\/v2\/pages\/38"}],"collection":[{"href":"https:\/\/kyushuwatch.com\/index.php\/wp-json\/wp\/v2\/pages"}],"about":[{"href":"https:\/\/kyushuwatch.com\/index.php\/wp-json\/wp\/v2\/types\/page"}],"author":[{"embeddable":true,"href":"https:\/\/kyushuwatch.com\/index.php\/wp-json\/wp\/v2\/users\/1"}],"replies":[{"embeddable":true,"href":"https:\/\/kyushuwatch.com\/index.php\/wp-json\/wp\/v2\/comments?post=38"}],"version-history":[{"count":6,"href":"https:\/\/kyushuwatch.com\/index.php\/wp-json\/wp\/v2\/pages\/38\/revisions"}],"predecessor-version":[{"id":401,"href":"https:\/\/kyushuwatch.com\/index.php\/wp-json\/wp\/v2\/pages\/38\/revisions\/401"}],"wp:attachment":[{"href":"https:\/\/kyushuwatch.com\/index.php\/wp-json\/wp\/v2\/media?parent=38"}],"curies":[{"name":"wp","href":"https:\/\/api.w.org\/{rel}","templated":true}]}}